{"id":80,"date":"2019-11-08T14:57:43","date_gmt":"2019-11-08T14:57:43","guid":{"rendered":"https:\/\/wyborykomitety.pan.pl\/?page_id=80"},"modified":"2019-11-08T14:57:43","modified_gmt":"2019-11-08T14:57:43","slug":"instrukcje-do-systemu","status":"publish","type":"page","link":"https:\/\/wyborykomitety.pan.pl\/?page_id=80","title":{"rendered":"INSTRUKCJE DO SYSTEMU"},"content":{"rendered":"<p><a href=\"https:\/\/wyborykomitety.pan.pl\/wp-content\/uploads\/2019\/11\/Rejestracja.pdf\" target=\"_blank\" rel=\"noopener noreferrer\">Instrukcja systemu do g\u0142osowania<\/a><\/p>\n<p><a href=\"https:\/\/wyborykomitety.pan.pl\/wp-content\/uploads\/2019\/11\/Rejestracja_CZ.pdf\" target=\"_blank\" rel=\"noopener noreferrer\">Instrukcja systemu do g\u0142osowania dla cz\u0142onk\u00f3w PAN i AMU<\/a><\/p>\n","protected":false},"excerpt":{"rendered":"<p>Instrukcja systemu do g\u0142osowania Instrukcja systemu do g\u0142osowania dla cz\u0142onk\u00f3w PAN i AMU<\/p>\n","protected":false},"author":1,"featured_media":0,"parent":12,"menu_order":0,"comment_status":"closed","ping_status":"closed","template":"","meta":[],"_links":{"self":[{"href":"https:\/\/wyborykomitety.pan.pl\/index.php?rest_route=\/wp\/v2\/pages\/80"}],"collection":[{"href":"https:\/\/wyborykomitety.pan.pl\/index.php?rest_route=\/wp\/v2\/pages"}],"about":[{"href":"https:\/\/wyborykomitety.pan.pl\/index.php?rest_route=\/wp\/v2\/types\/page"}],"author":[{"embeddable":true,"href":"https:\/\/wyborykomitety.pan.pl\/index.php?rest_route=\/wp\/v2\/users\/1"}],"replies":[{"embeddable":true,"href":"https:\/\/wyborykomitety.pan.pl\/index.php?rest_route=%2Fwp%2Fv2%2Fcomments&post=80"}],"version-history":[{"count":1,"href":"https:\/\/wyborykomitety.pan.pl\/index.php?rest_route=\/wp\/v2\/pages\/80\/revisions"}],"predecessor-version":[{"id":83,"href":"https:\/\/wyborykomitety.pan.pl\/index.php?rest_route=\/wp\/v2\/pages\/80\/revisions\/83"}],"up":[{"embeddable":true,"href":"https:\/\/wyborykomitety.pan.pl\/index.php?rest_route=\/wp\/v2\/pages\/12"}],"wp:attachment":[{"href":"https:\/\/wyborykomitety.pan.pl\/index.php?rest_route=%2Fwp%2Fv2%2Fmedia&parent=80"}],"curies":[{"name":"wp","href":"https:\/\/api.w.org\/{rel}","templated":true}]}}