{"id":70,"date":"2019-11-08T10:48:50","date_gmt":"2019-11-08T10:48:50","guid":{"rendered":"https:\/\/wyborykomitety.pan.pl\/?page_id=70"},"modified":"2019-11-08T10:50:53","modified_gmt":"2019-11-08T10:50:53","slug":"klauzula-informacyjna","status":"publish","type":"page","link":"https:\/\/wyborykomitety.pan.pl\/?page_id=70","title":{"rendered":"KLAUZULA INFORMACYJNA"},"content":{"rendered":"<p style=\"text-align: center;\"><strong>Klauzula informacyjna <\/strong><\/p>\n<p style=\"text-align: center;\"><strong>na potrzeby wybor\u00f3w cz\u0142onk\u00f3w komitet\u00f3w naukowych PAN <\/strong><\/p>\n<p style=\"text-align: center;\"><strong>w 2019 roku<\/strong><\/p>\n<p>&nbsp;<\/p>\n<p><span style=\"text-decoration: underline;\"><strong>Uwaga:<\/strong> <em>Klauzula jest kierowana do os\u00f3b bior\u0105cych udzia\u0142 w Wyborach cz\u0142onk\u00f3w komitet\u00f3w naukowych PAN w 2019 roku<\/em><\/span><\/p>\n<ol>\n<li>Administratorem Pani\/Pana danych osobowych jest Polska Akademia Nauk; Pl. Defilad 1; 00-901 Warszawa, tel. el.: 48 (22) 182 6000, fax; 48 (22) 182 7050; <a href=\"http:\/\/www.pan.pl\">pan.pl<\/a><\/li>\n<li>Administrator wyznaczy\u0142 inspektora ochrony danych osobowych, z kt\u00f3rym mo\u017cna skontaktowa\u0107 si\u0119 poprzez adres poczty elektronicznej: <a href=\"mailto:iod@pan.pl\">iod@pan.pl<\/a>.<\/li>\n<li>Podanie danych osobowych niezb\u0119dnych do czynnego i biernego uczestnictwa w procesie wyborczym jest dobrowolne.<\/li>\n<li>Pani\/Pana dane b\u0119d\u0105 przetwarzane w celu przeprowadzenia Wybor\u00f3w cz\u0142onk\u00f3w komitet\u00f3w naukowych PAN w 2019 roku a po ich zako\u0144czeniu usuni\u0119te przez Administratora.<\/li>\n<li>W odniesieniu do Pani\/Pana danych osobowych decyzje nie b\u0119d\u0105 podejmowane w spos\u00f3b zautomatyzowany, stosowanie do art. 22 RODO.<\/li>\n<li>Posiada Pani\/Pan:<\/li>\n<\/ol>\n<ul>\n<li>na podstawie art. 15 RODO prawo dost\u0119pu do danych osobowych Pani\/Pana dotycz\u0105cych,<\/li>\n<li>na podstawie art. 16 RODO prawo do sprostowania Pani\/Pana danych osobowych,<\/li>\n<li>na podstawie art. 18 RODO prawo \u017c\u0105dania od administratora ograniczenia przetwarzania danych osobowych,<\/li>\n<li>prawo do wniesienia skargi do Prezesa Urz\u0119du Ochrony Danych Osobowych, gdy uzna Pani\/Pan, \u017ce przetwarzanie danych osobowych Pani\/Pana dotycz\u0105cych, narusza przepisy RODO.<\/li>\n<\/ul>\n<p><em>Wyra\u017cam zgod\u0119 na przetwarzanie przez Polsk\u0105 Akademi\u0119 Nauk z siedzib\u0105 w Warszawie moich danych osobowych <\/em>w celu przeprowadzenia Wybor\u00f3w cz\u0142onk\u00f3w komitet\u00f3w naukowych PAN w 2019 roku, zgodnie z przepisami Rozporz\u0105dzenia Parlamentu Europejskiego I Rady (UE) 2016\/679 z dnia 27 kwietnia 2016 r. w sprawie ochrony os\u00f3b fizycznych w zwi\u0105zku z przetwarzaniem danych osobowych i w sprawie swobodnego przep\u0142ywu takich danych oraz uchylenia dyrektywy 95\/46\/WE.<\/p>\n<p><a href=\"https:\/\/wyborykomitety.pan.pl\/wp-content\/uploads\/2019\/11\/KLAUZULA_INFORMACYJNA-.pdf\" target=\"_blank\" rel=\"noopener noreferrer\">KLAUZULA_INFORMACYJNA .pdf<\/a><\/p>\n","protected":false},"excerpt":{"rendered":"<p>Klauzula informacyjna na potrzeby wybor\u00f3w cz\u0142onk\u00f3w komitet\u00f3w naukowych PAN w 2019 roku &nbsp; Uwaga: Klauzula jest kierowana do os\u00f3b bior\u0105cych udzia\u0142 w Wyborach cz\u0142onk\u00f3w komitet\u00f3w naukowych PAN w 2019 roku Administratorem Pani\/Pana danych osobowych jest Polska Akademia Nauk; Pl. Defilad 1; 00-901 Warszawa, tel. el.: 48 (22) 182 6000, fax; 48 (22) 182 7050; pan.pl &hellip; <\/p>\n<p class=\"read-more\"><a class=\"btn btn-default\" href=\"https:\/\/wyborykomitety.pan.pl\/?page_id=70\"> Read More<span class=\"screen-reader-text\">  Read More<\/span><\/a><\/p>\n","protected":false},"author":1,"featured_media":0,"parent":0,"menu_order":0,"comment_status":"closed","ping_status":"closed","template":"","meta":[],"_links":{"self":[{"href":"https:\/\/wyborykomitety.pan.pl\/index.php?rest_route=\/wp\/v2\/pages\/70"}],"collection":[{"href":"https:\/\/wyborykomitety.pan.pl\/index.php?rest_route=\/wp\/v2\/pages"}],"about":[{"href":"https:\/\/wyborykomitety.pan.pl\/index.php?rest_route=\/wp\/v2\/types\/page"}],"author":[{"embeddable":true,"href":"https:\/\/wyborykomitety.pan.pl\/index.php?rest_route=\/wp\/v2\/users\/1"}],"replies":[{"embeddable":true,"href":"https:\/\/wyborykomitety.pan.pl\/index.php?rest_route=%2Fwp%2Fv2%2Fcomments&post=70"}],"version-history":[{"count":7,"href":"https:\/\/wyborykomitety.pan.pl\/index.php?rest_route=\/wp\/v2\/pages\/70\/revisions"}],"predecessor-version":[{"id":78,"href":"https:\/\/wyborykomitety.pan.pl\/index.php?rest_route=\/wp\/v2\/pages\/70\/revisions\/78"}],"wp:attachment":[{"href":"https:\/\/wyborykomitety.pan.pl\/index.php?rest_route=%2Fwp%2Fv2%2Fmedia&parent=70"}],"curies":[{"name":"wp","href":"https:\/\/api.w.org\/{rel}","templated":true}]}}