{"id":6,"date":"2019-11-05T17:15:34","date_gmt":"2019-11-05T17:15:34","guid":{"rendered":"http:\/\/wyborykomitety.pan.pl\/?page_id=6"},"modified":"2020-05-06T08:54:30","modified_gmt":"2020-05-06T08:54:30","slug":"strona-glowna","status":"publish","type":"page","link":"https:\/\/wyborykomitety.pan.pl\/","title":{"rendered":"STRONA G\u0141\u00d3WNA"},"content":{"rendered":"<p>Szanowni Pa\u0144stwo,<\/p>\n<p>Rozporz\u0105dzenie Ministra Nauki i Szkolnictwa Wy\u017cszego z dnia 27 kwietnia 2020 r.<br \/>\n<em>w sprawie czasowego ograniczenia funkcjonowania korporacji uczonych i jednostek naukowych Polskiej Akademii Nauk w zwi\u0105zku z zapobieganiem, przeciwdzia\u0142aniem<br \/>\ni zwalczaniem COVID-19<\/em> (Dz.U. 2020 poz. 759) umo\u017cliwia organizowanie i prowadzenie posiedze\u0144 Komitet\u00f3w Naukowych PAN za pomoc\u0105 \u015brodk\u00f3w komunikacji elektronicznej.<\/p>\n<p>W najbli\u017cszych tygodniach umo\u017cliwimy wszystkim Komitetom Naukowym PAN, kt\u00f3re jeszcze nie odby\u0142y swojego pierwszego posiedzenia w kadencji 2020-2023 r., przeprowadzenie takiego posiedzenia w postaci wideokonferencji w programie Microsoft Teams. W czasie wideokonferencji umo\u017cliwimy tak\u017ce wyb\u00f3r przewodnicz\u0105cego i pozosta\u0142ej cz\u0119\u015bci Prezydium Komitetu. W tym celu skontaktuj\u0105 si\u0119 z Pa\u0144stwem pracownicy Wydzia\u0142\u00f3w PAN, od kt\u00f3rych otrzymaj\u0105 Pa\u0144stwo na swoje adresy mailowe zaproszenia do programu Microsoft Teams oraz do systemu do g\u0142osowania.<\/p>\n<p>Komitety kt\u00f3re odby\u0142y pierwsze posiedzenie, r\u00f3wnie\u017c mog\u0105 skorzysta\u0107 z oferowanej przez PAN pomocy w przeprowadzeniu spotkania online poprzez program Microsoft Teams \u2013<br \/>\nw tym celu prosimy o skontaktowanie si\u0119 z odpowiednim Wydzia\u0142em. Jednocze\u015bnie prosimy, aby te spotkania planowa\u0107 w nieco p\u00f3\u017aniejszym terminie, poniewa\u017c najbli\u017csze 3-4 tygodnie chcemy zarezerwowa\u0107 na pierwsze posiedzenia i wybory przewodnicz\u0105cych Komitet\u00f3w. W przypadku pyta\u0144 prosimy uprzejmie o kontakt z odpowiednim Wydzia\u0142em PAN.<\/p>\n<hr \/>\n<p style=\"text-align: center;\"><strong>Szanowni Pa\u0144stwo<\/strong><\/p>\n<p style=\"text-align: center;\"><strong>Poni\u017cej przedstawiamy zatwierdzone wyniki Wybor\u00f3w Cz\u0142onk\u00f3w Komitet\u00f3w Naukowych PAN<\/strong><\/p>\n<p style=\"text-align: center;\"><strong>na kadencj\u0119 2020-2023 r.<\/strong><\/p>\n<p style=\"text-align: center;\">Wszystkim wybranym serdecznie gratulujemy i \u017cyczymy owocnej pracy w Komitetach Naukowych Polskiej Akademii Nauk.<\/p>\n<ol>\n<li><a href=\"https:\/\/wyborykomitety.pan.pl\/wp-content\/uploads\/2020\/01\/Komitet-Historii-Nauki-i-Techniki-PAN-1-1.pdf\">Komitet Historii Nauki i Techniki PAN<\/a><\/li>\n<li><a href=\"https:\/\/wyborykomitety.pan.pl\/wp-content\/uploads\/2020\/01\/Komitet-J\u0119zykoznawstwa-PAN.pdf\">Komitet J\u0119zykoznawstwa PAN<\/a><\/li>\n<li><a href=\"https:\/\/wyborykomitety.pan.pl\/wp-content\/uploads\/2020\/01\/Komitet-Nauk-Demograficznych-PAN.pdf\">Komitet Nauk Demograficznych PAN<\/a><\/li>\n<li><a href=\"https:\/\/wyborykomitety.pan.pl\/wp-content\/uploads\/2020\/01\/Komitet-Nauk-Ekonomicznych-PAN.pdf\">Komitet Nauk Ekonomicznych PAN<\/a><\/li>\n<li><a href=\"https:\/\/wyborykomitety.pan.pl\/wp-content\/uploads\/2020\/01\/Komitet-Nauk-Etnologicznych-PAN.pdf\">Komitet Nauk Etnologicznych PAN<\/a><\/li>\n<li><a href=\"https:\/\/wyborykomitety.pan.pl\/wp-content\/uploads\/2020\/02\/Komitet-Nauk-Filozoficznych-PAN.pdf\">Komitet Nauk Filozoficznych PAN<\/a><\/li>\n<li><a href=\"https:\/\/wyborykomitety.pan.pl\/wp-content\/uploads\/2020\/02\/Komitet-Nauk-Historycznych-PAN.pdf\">Komitet Nauk Historycznych PAN<\/a><\/li>\n<li><a href=\"https:\/\/wyborykomitety.pan.pl\/wp-content\/uploads\/2020\/01\/Komitet-Nauk-o-Finansach-PAN.pdf\">Komitet Nauk o Finansach PAN<\/a><\/li>\n<li><a href=\"https:\/\/wyborykomitety.pan.pl\/wp-content\/uploads\/2020\/01\/Komitet-Nauk-o-Kulturze-Antycznej-PAN.pdf\">Komitet Nauk o Kulturze Antycznej PAN<\/a><\/li>\n<li><a href=\"https:\/\/wyborykomitety.pan.pl\/wp-content\/uploads\/2020\/01\/Komitet-Nauk-o-Kulturze-PAN.pdf\">Komitet Nauk o Kulturze PAN<\/a><\/li>\n<li><a href=\"https:\/\/wyborykomitety.pan.pl\/wp-content\/uploads\/2020\/01\/Komitet-Nauk-o-Literaturze-PAN.pdf\">Komitet Nauk o Literaturze PAN<\/a><\/li>\n<li><a href=\"https:\/\/wyborykomitety.pan.pl\/wp-content\/uploads\/2020\/01\/Komitet-Nauk-o-Pracy-i-Polityce-Spo\u0142ecznej-PAN.pdf\">Komitet Nauk o Pracy i Polityce Spo\u0142ecznej PAN<\/a><\/li>\n<li><a href=\"https:\/\/wyborykomitety.pan.pl\/wp-content\/uploads\/2020\/01\/Komitet-Nauk-o-Sztuce-PAN.pdf\">Komitet Nauk o Sztuce PAN<\/a><\/li>\n<li><a href=\"https:\/\/wyborykomitety.pan.pl\/wp-content\/uploads\/2020\/01\/Komitet-Nauk-Organizacji-i-Zarz\u0105dzania-PAN.pdf\">Komitet Nauk Organizacji i Zarz\u0105dzania PAN<\/a><\/li>\n<li><a href=\"https:\/\/wyborykomitety.pan.pl\/wp-content\/uploads\/2020\/01\/Komitet-Nauk-Orientalistycznych-PAN.pdf\">Komitet Nauk Orientalistycznych PAN<\/a><\/li>\n<li><a href=\"https:\/\/wyborykomitety.pan.pl\/wp-content\/uploads\/2020\/01\/Komitet-Nauk-Pedagogicznych-PAN.pdf\">Komitet Nauk Pedagogicznych PAN<\/a><\/li>\n<li><a href=\"https:\/\/wyborykomitety.pan.pl\/wp-content\/uploads\/2020\/01\/Komitet-Nauk-Politycznych-PAN.pdf\">Komitet Nauk Politycznych PAN<\/a><\/li>\n<li><a href=\"https:\/\/wyborykomitety.pan.pl\/wp-content\/uploads\/2020\/01\/Komitet-Nauk-Pra-i-Protohistorycznych-PAN.pdf\">Komitet Nauk Pra- i Protohistorycznych PAN<\/a><\/li>\n<li><a href=\"https:\/\/wyborykomitety.pan.pl\/wp-content\/uploads\/2020\/01\/Komitet-Nauk-Prawnych-PAN.pdf\">Komitet Nauk Prawnych PAN<\/a><\/li>\n<li><a href=\"https:\/\/wyborykomitety.pan.pl\/wp-content\/uploads\/2020\/01\/Komitet-Nauk-Teologicznych-PAN.pdf\">Komitet Nauk Teologicznych PAN<\/a><\/li>\n<li><a href=\"https:\/\/wyborykomitety.pan.pl\/wp-content\/uploads\/2020\/01\/Komitet-Psychologii-PAN.pdf\">Komitet Psychologii PAN<\/a><\/li>\n<li><a href=\"https:\/\/wyborykomitety.pan.pl\/wp-content\/uploads\/2020\/01\/Komitet-S\u0142owianoznawstwa-PAN.pdf\">Komitet S\u0142owianoznawstwa PAN<\/a><\/li>\n<li><a href=\"https:\/\/wyborykomitety.pan.pl\/wp-content\/uploads\/2020\/01\/Komitet-Socjologii-PAN.pdf\">Komitet Socjologii PAN<\/a><\/li>\n<li><a href=\"https:\/\/wyborykomitety.pan.pl\/wp-content\/uploads\/2020\/01\/Komitet-Statystyki-i-Ekonometrii-PAN.pdf\">Komitet Statystyki i Ekonometrii PAN<\/a><\/li>\n<li><a href=\"https:\/\/wyborykomitety.pan.pl\/wp-content\/uploads\/2020\/02\/komitet-biologii-molekularnej.pdf\">komitet Biologii Molekularnej Kom\u00f3rki PAN<\/a><\/li>\n<li><a href=\"https:\/\/wyborykomitety.pan.pl\/wp-content\/uploads\/2020\/01\/Komitet-Biologii-Organizmalnej-PAN.pdf\">Komitet Biologii Organizmalnej PAN<\/a><\/li>\n<li><a href=\"https:\/\/wyborykomitety.pan.pl\/wp-content\/uploads\/2020\/01\/Komitet-Biologii-\u015arodowiskowej-i-Ewolucyjnej-PAN.pdf\">Komitet Biologii \u015arodowiskowej i Ewolucyjnej PAN<\/a><\/li>\n<li><a href=\"https:\/\/wyborykomitety.pan.pl\/wp-content\/uploads\/2020\/01\/Komitet-Biotechnologii-PAN.pdf\">Komitet Biotechnologii PAN<\/a><\/li>\n<li><a href=\"https:\/\/wyborykomitety.pan.pl\/wp-content\/uploads\/2020\/01\/Komitet-Nauk-Le\u015bnych-i-Technologii-Drewna-PAN.pdf\">Komitet Nauk Le\u015bnych i Technologii Drewna PAN<\/a><\/li>\n<li><a href=\"https:\/\/wyborykomitety.pan.pl\/wp-content\/uploads\/2020\/01\/Komitet-Nauk-Agronomicznych-PAN.pdf\">Komitet Nauk Agronomicznych PAN<\/a><\/li>\n<li><a href=\"https:\/\/wyborykomitety.pan.pl\/wp-content\/uploads\/2020\/01\/Komitet-Nauk-o-\u017bywno\u015bci-i-\u017bywieniu-PAN.pdf\">Komitet Nauk o \u017bywno\u015bci i \u017bywieniu PAN<\/a><\/li>\n<li><a href=\"https:\/\/wyborykomitety.pan.pl\/wp-content\/uploads\/2020\/01\/Komitet-Nauk-Weterynaryjnych-i-Biologii-Rozrodu-PAN.pdf\">Komitet Nauk Weterynaryjnych i Biologii Rozrodu PAN<\/a><\/li>\n<li><a href=\"https:\/\/wyborykomitety.pan.pl\/wp-content\/uploads\/2020\/01\/Komitet-Nauk-Zootechnicznych-i-Akwakultury-PAN.pdf\">Komitet Nauk Zootechnicznych i Akwakultury PAN<\/a><\/li>\n<li><a href=\"https:\/\/wyborykomitety.pan.pl\/wp-content\/uploads\/2020\/01\/Komitet-Astronomii-PAN.pdf\">Komitet Astronomii PAN<\/a><\/li>\n<li><a href=\"https:\/\/wyborykomitety.pan.pl\/wp-content\/uploads\/2020\/01\/Komitet-Bada\u0144-Czwartorz\u0119du-PAN.pdf\">Komitet Bada\u0144 Czwartorz\u0119du PAN<\/a><\/li>\n<li><a href=\"https:\/\/wyborykomitety.pan.pl\/wp-content\/uploads\/2020\/01\/Komitet-Bada\u0144-Morza-PAN.pdf\">Komitet Bada\u0144 Morza PAN<\/a><\/li>\n<li><a href=\"https:\/\/wyborykomitety.pan.pl\/wp-content\/uploads\/2020\/01\/Komitet-Chemii-Analitycznej-PAN.pdf\">Komitet Chemii Analitycznej PAN<\/a><\/li>\n<li><a href=\"https:\/\/wyborykomitety.pan.pl\/wp-content\/uploads\/2020\/01\/Komitet-Chemii-PAN.pdf\">Komitet Chemii PAN<\/a><\/li>\n<li><a href=\"https:\/\/wyborykomitety.pan.pl\/wp-content\/uploads\/2020\/01\/Komitet-Fizyki-PAN.pdf\">Komitet Fizyki PAN<\/a><\/li>\n<li><a href=\"https:\/\/wyborykomitety.pan.pl\/wp-content\/uploads\/2020\/01\/Komitet-Geofizyki-PAN-1.pdf\">Komitet Geofizyki PAN<\/a><\/li>\n<li><a href=\"https:\/\/wyborykomitety.pan.pl\/wp-content\/uploads\/2020\/01\/Komitet-Krystalografii-PAN-1.pdf\">Komitet Krystalografii PAN<\/a><\/li>\n<li><a href=\"https:\/\/wyborykomitety.pan.pl\/wp-content\/uploads\/2020\/01\/Komitet-Matematyki-PAN.pdf\">Komitet Matematyki PAN<\/a><\/li>\n<li><a href=\"https:\/\/wyborykomitety.pan.pl\/wp-content\/uploads\/2020\/01\/Komitet-Nauk-Geograficznych-PAN.pdf\">Komitet Nauk Geograficznych PAN<\/a><\/li>\n<li><a href=\"https:\/\/wyborykomitety.pan.pl\/wp-content\/uploads\/2020\/02\/Komitet-Nauk-Geologicznych-PAN.pdf\">Komitet Nauk Geologicznych PAN<\/a><\/li>\n<li><a href=\"https:\/\/wyborykomitety.pan.pl\/wp-content\/uploads\/2020\/01\/Komitet-Nauk-Mineralogicznych-PAN.pdf\">Komitet Nauk Mineralogicznych PAN<\/a><\/li>\n<li><a href=\"https:\/\/wyborykomitety.pan.pl\/wp-content\/uploads\/2020\/01\/Komitet-Akustyki-PAN.pdf\">Komitet Akustyki PAN<\/a><\/li>\n<li><a href=\"https:\/\/wyborykomitety.pan.pl\/wp-content\/uploads\/2020\/02\/Komitet-Architektury-i-Urbanistyki-PAN.pdf\">Komitet Architektury i Urbanistyki PAN<\/a><\/li>\n<li><a href=\"https:\/\/wyborykomitety.pan.pl\/wp-content\/uploads\/2020\/01\/Komitet-Automatyki-i-Robotyki-PAN.pdf\">Komitet Automatyki i Robotyki PAN<\/a><\/li>\n<li><a href=\"https:\/\/wyborykomitety.pan.pl\/wp-content\/uploads\/2020\/01\/Komitet-Biocybernetyki-i-In\u017cynierii-Biomedycznej-PAN.pdf\">Komitet Biocybernetyki i In\u017cynierii Biomedycznej PAN<\/a><\/li>\n<li><a href=\"https:\/\/wyborykomitety.pan.pl\/wp-content\/uploads\/2020\/01\/Komitet-Budowy-Maszyn-PAN.pdf\">Komitet Budowy Maszyn PAN<\/a><\/li>\n<li><a href=\"https:\/\/wyborykomitety.pan.pl\/wp-content\/uploads\/2020\/01\/Komitet-Elektroniki-i-Telekomunikacji-PAN.pdf\">Komitet Elektroniki i Telekomunikacji PAN<\/a><\/li>\n<li><a href=\"https:\/\/wyborykomitety.pan.pl\/wp-content\/uploads\/2020\/01\/Komitet-Elektrotechniki-PAN.pdf\">Komitet Elektrotechniki PAN<\/a><\/li>\n<li><a href=\"https:\/\/wyborykomitety.pan.pl\/wp-content\/uploads\/2020\/01\/Komitet-Geodezji-PAN.pdf\">Komitet Geodezji PAN<\/a><\/li>\n<li><a href=\"https:\/\/wyborykomitety.pan.pl\/wp-content\/uploads\/2020\/01\/Komitet-G\u00f3rnictwa-PAN.pdf\">Komitet G\u00f3rnictwa PAN<\/a><\/li>\n<li><a href=\"https:\/\/wyborykomitety.pan.pl\/wp-content\/uploads\/2020\/01\/Komitet-Informatyki-PAN.pdf\">Komitet Informatyki PAN<\/a><\/li>\n<li><a href=\"https:\/\/wyborykomitety.pan.pl\/wp-content\/uploads\/2020\/01\/Komitet-In\u017cynierii-Chemicznej-i-Procesowej-PAN.pdf\">Komitet In\u017cynierii Chemicznej i Procesowej PAN<\/a><\/li>\n<li><a href=\"https:\/\/wyborykomitety.pan.pl\/wp-content\/uploads\/2020\/01\/Komitet-In\u017cynierii-L\u0105dowej-i-Wodnej-PAN.pdf\">Komitet In\u017cynierii L\u0105dowej i Wodnej PAN<\/a><\/li>\n<li><a href=\"https:\/\/wyborykomitety.pan.pl\/wp-content\/uploads\/2020\/01\/Komitet-In\u017cynierii-Materia\u0142owej-i-Metalurgii-PAN.pdf\">Komitet In\u017cynierii Materia\u0142owej i Metalurgii PAN<\/a><\/li>\n<li><a href=\"https:\/\/wyborykomitety.pan.pl\/wp-content\/uploads\/2020\/01\/Komitet-In\u017cynierii-Produkcji-PAN.pdf\">Komitet In\u017cynierii Produkcji PAN<\/a><\/li>\n<li><a href=\"https:\/\/wyborykomitety.pan.pl\/wp-content\/uploads\/2020\/01\/Komitet-In\u017cynierii-\u015arodowiska-PAN.pdf\">Komitet In\u017cynierii \u015arodowiska PAN<\/a><\/li>\n<li><a href=\"https:\/\/wyborykomitety.pan.pl\/wp-content\/uploads\/2020\/01\/Komitet-Mechaniki-PAN.pdf\">Komitet Mechaniki PAN<\/a><\/li>\n<li><a href=\"https:\/\/wyborykomitety.pan.pl\/wp-content\/uploads\/2020\/01\/Komitet-Metrologii-i-Aparatury-Naukowej-PAN.pdf\">Komitet Metrologii i Aparatury Naukowej PAN<\/a><\/li>\n<li><a href=\"https:\/\/wyborykomitety.pan.pl\/wp-content\/uploads\/2020\/01\/Komitet-Termodynamiki-i-Spalania-PAN.pdf\">Komitet Termodynamiki i Spalania PAN<\/a><\/li>\n<li><a href=\"https:\/\/wyborykomitety.pan.pl\/wp-content\/uploads\/2020\/01\/Komitet-Transportu-PAN.pdf\">Komitet Transportu PAN<\/a><\/li>\n<li><a href=\"https:\/\/wyborykomitety.pan.pl\/wp-content\/uploads\/2020\/01\/Komitet-Zr\u00f3wnowa\u017conej-Gospodarki-Surowcami-Mineralnymi-PAN.pdf\">Komitet Zr\u00f3wnowa\u017conej Gospodarki Surowcami Mineralnymi PAN<\/a><\/li>\n<li><a href=\"https:\/\/wyborykomitety.pan.pl\/wp-content\/uploads\/2020\/01\/Komitet-Fizyki-Medycznej-Radiobiologii-i-Diagnostyki-Obrazowej-PAN-1.pdf\">Komitet Fizyki Medycznej, Radiobiologii i Diagnostyki Obrazowej PAN<\/a><\/li>\n<li><a href=\"https:\/\/wyborykomitety.pan.pl\/wp-content\/uploads\/2020\/01\/Komitet-Genetyki-Cz\u0142owieka-i-Patologii-Molekularnej-PAN-1.pdf\">Komitet Genetyki Cz\u0142owieka i Patologii Molekularnej PAN<\/a><\/li>\n<li><a href=\"https:\/\/wyborykomitety.pan.pl\/wp-content\/uploads\/2020\/01\/Komitet-Immunologii-i-Etiologii-Zaka\u017ce\u0144-Cz\u0142owieka-PAN-1.pdf\">Komitet Immunologii i Etiologii Zaka\u017ce\u0144 Cz\u0142owieka PAN<\/a><\/li>\n<li><a href=\"https:\/\/wyborykomitety.pan.pl\/wp-content\/uploads\/2020\/01\/Komitet-Nauk-Fizjologicznych-i-Farmakologicznych-PAN-1.pdf\">Komitet Nauk Fizjologicznych i Farmakologicznych PAN<\/a><\/li>\n<li><a href=\"https:\/\/wyborykomitety.pan.pl\/wp-content\/uploads\/2020\/02\/Komitet-Nauk-Klinicznych-PAN.pdf\">Komitet Nauk Klinicznych PAN<\/a><\/li>\n<li><a href=\"https:\/\/wyborykomitety.pan.pl\/wp-content\/uploads\/2020\/01\/Komitet-Nauki-o-\u017bywieniu-Cz\u0142owieka-PAN-1.pdf\">Komitet Nauki o \u017bywieniu Cz\u0142owieka PAN<\/a><\/li>\n<li><a href=\"https:\/\/wyborykomitety.pan.pl\/wp-content\/uploads\/2020\/01\/Komitet-Nauk-Neurologicznych-PAN-2.pdf\">Komitet Nauk Neurologicznych PAN<\/a><\/li>\n<li><a href=\"https:\/\/wyborykomitety.pan.pl\/wp-content\/uploads\/2020\/01\/Komitet-Rehabilitacji-Kultury-Fizycznej-i-Integracji-Spo\u0142ecznej-PAN-2.pdf\">Komitet Rehabilitacji, Kultury Fizycznej i Integracji Spo\u0142ecznej PAN<\/a><\/li>\n<li><a href=\"https:\/\/wyborykomitety.pan.pl\/wp-content\/uploads\/2020\/01\/Komitet-Terapii-i-Nauk-o-Leku-PAN-1.pdf\">Komitet Terapii i Nauk o Leku PAN<\/a><\/li>\n<li><a href=\"https:\/\/wyborykomitety.pan.pl\/wp-content\/uploads\/2020\/01\/Komitet-Zdrowia-Publicznego-PAN-1.pdf\">Komitet Zdrowia Publicznego PAN<\/a><\/li>\n<li><a href=\"https:\/\/wyborykomitety.pan.pl\/wp-content\/uploads\/2020\/01\/Komitet-Rozwoju-Cz\u0142owieka-PAN-1.pdf\">Komitet Rozwoju Cz\u0142owieka PAN<\/a><\/li>\n<li><a href=\"https:\/\/wyborykomitety.pan.pl\/wp-content\/uploads\/2020\/01\/Komitet-Neurobiologii-PAN-1.pdf\">Komitet Neurobiologii PAN<\/a><\/li>\n<\/ol>\n<p style=\"text-align: center;\">W sk\u0142ad Komitetu Naukowego Polskiej Akademii Nauk wchodz\u0105 r\u00f3wnie\u017c Cz\u0142onkowie Polskiej Akademii Nauk oraz Cz\u0142onkowie Akademii M\u0142odych Uczonych zgodnie ze z\u0142o\u017conymi przez nich deklaracjami.<\/p>\n<hr \/>\n<p style=\"text-align: center;\"><strong>KOMUNIKAT O 2 TURZE uzupe\u0142niaj\u0105cych<\/strong><\/p>\n<p style=\"text-align: right;\">Warszawa, 10 stycznia 2020 r.<\/p>\n<p>Szanowni Pa\u0144stwo,<\/p>\n<p align=\"justify\">Informujemy, \u017ce 9 stycznia zako\u0144czy\u0142a si\u0119 pierwsza tura wybor\u00f3w uzupe\u0142niaj\u0105cych do\u00a0 Komitet\u00f3w PAN. W zwi\u0105zku z nierozstrzygni\u0119ciem wybor\u00f3w w kilku komitetach naukowych PAN nale\u017cy przeprowadzi\u0107 drug\u0105 tur\u0119 wybor\u00f3w uzupe\u0142niaj\u0105cych. Druga tura odb\u0119dzie si\u0119 w systemie wyborczym w dniach 10-13 stycznia. Ostateczne wyniki wybor\u00f3w zostan\u0105 og\u0142oszone po rozstrzygni\u0119ciu wybor\u00f3w w ka\u017cdym z 77 komitet\u00f3w naukowych PAN.<\/p>\n<p align=\"justify\">Uwaga: w drugiej turze g\u0142osowania na listach wyborczych b\u0119d\u0105 widnia\u0142y tylko osoby z pozycji 30 lub 30 i 29 z r\u00f3wn\u0105 liczb\u0105 g\u0142os\u00f3w, a ka\u017cdy g\u0142osuj\u0105cy mo\u017ce zaznaczy\u0107 tylko jedn\u0105 osob\u0119 na li\u015bcie. W dniu 10 stycznia 2020 r. zostanie wys\u0142any z systemu wyborczego e-mail do wszystkich wyborc\u00f3w z tych komitet\u00f3w, w kt\u00f3rych jest niezb\u0119dne przeprowadzenie II tury, z pro\u015bb\u0105 o g\u0142osowanie.<\/p>\n<p style=\"text-align: right;\">Romuald Zabielski<br \/>\nWiceprezes Polskiej Akademii Nauk<\/p>\n<hr \/>\n<p style=\"text-align: center;\"><strong>Komunikat\u00a0 o wyborach do Komiteto\u0301w PAN<\/strong><\/p>\n<p style=\"text-align: right;\">Warszawa, 23 grudnia 2019 r.<\/p>\n<p>Szanowni Pa\u0144stwo,<\/p>\n<p align=\"justify\">Informujemy, \u017ce 20 grudnia zako\u0144czy\u0142a si\u0119 pierwsza tura wybor\u00f3w do 77 Komitet\u00f3w PAN. Spo\u015br\u00f3d 10680 os\u00f3b zarejestrowanych i uprawnionych do g\u0142osowania, wa\u017cne g\u0142osy odda\u0142o 9075 os\u00f3b. Na tym etapie zako\u0144czy\u0142 si\u0119 proces wybor\u00f3w w wi\u0119kszej cz\u0119\u015bci komitet\u00f3w PAN. W pozosta\u0142ej cz\u0119\u015bci nale\u017cy przeprowadzi\u0107 drug\u0105 tur\u0119 wybor\u00f3w, poniewa\u017c na 30 miejscu, lub w kilku przypadkach tak\u017ce na 29 miejscu, znajduje si\u0119 po kilka os\u00f3b z jednakow\u0105 liczb\u0105 g\u0142os\u00f3w. Druga tura wybor\u00f3w odb\u0119dzie si\u0119 w systemie wyborczym w dniach 7-9 stycznia, a ostateczne wyniki og\u0142oszone po 15 stycznia 2020r.<\/p>\n<p align=\"justify\">Uwaga: w drugiej turze g\u0142osowania na listach wyborczych b\u0119d\u0105 widnia\u0142y tylko osoby z pozycji 30 lub 30 i 29 z r\u00f3wn\u0105 liczb\u0105 g\u0142os\u00f3w, a ka\u017cdy g\u0142osuj\u0105cy mo\u017ce zaznaczy\u0107 tylko jedn\u0105 osob\u0119 na li\u015bcie. W dniu 7 stycznia 2020 r. zostanie wys\u0142any z systemu wyborczego e-mail do wszystkich wyborc\u00f3w z tych komitet\u00f3w, w kt\u00f3rych jest niezb\u0119dne przeprowadzenie II tury, z pro\u015bba o g\u0142osowanie.<\/p>\n<p style=\"text-align: right;\">Romuald Zabielski<br \/>\nWiceprezes Polskiej Akademii Nauk<\/p>\n<hr \/>\n<p><strong>Informacja dla nowo wybranych Cz\u0142onk\u00f3w Polskiej Akademii Nauk <\/strong><\/p>\n<p>Szanowni Pa\u0144stwo,<\/p>\n<p>Serdecznie gratulujemy wybor\u00f3w na Cz\u0142onk\u00f3w Polskiej Akademii Nauk !<\/p>\n<p>Uprzejmie informujemy, i\u017c\u00a0 uchwa\u0142y o wa\u017cno\u015bci wyboru cz\u0142onk\u00f3w rzeczywistych<br \/>\ni korespondent\u00f3w Polskiej Akademii Nauk przyj\u0119te na wczorajszej (5.12.2019)\u00a0 sesji Zgromadzenia Og\u00f3lnego PAN wchodz\u0105 w \u017cycie z dniem 1 stycznia 2020 r.<\/p>\n<p align=\"justify\">W zwi\u0105zku z powy\u017cszym dopiero od tego dnia osoby wybrane na Cz\u0142onk\u00f3w PAN nabywaj\u0105 uprawnienia cz\u0142onkowskie mi\u0119dzy innymi w kontek\u015bcie wybor\u00f3w Cz\u0142onk\u00f3w Komitet\u00f3w Naukowych PAN, nowo wybrani Cz\u0142onkowie PAN mog\u0105 od 1 stycznia 2020, zg\u0142asza\u0107 do Dziekan\u00f3w odpowiednich Wydzia\u0142\u00f3w PAN, ch\u0119\u0107 przynale\u017cno\u015bci i brania udzia\u0142u w pracach jednego lub dw\u00f3ch Komitet\u00f3w Naukowych PAN.<\/p>\n<hr \/>\n<p style=\"text-align: right;\">Warszawa, 26 listopada 2019 r.<\/p>\n<p>Szanowni Pa\u0144stwo,<\/p>\n<p align=\"justify\">Wybory cz\u0142onk\u00f3w do komitet\u00f3w PAN na kadencj\u0119 2020-2023 s\u0105 w tym roku po raz pierwszy prowadzone drog\u0105 elektroniczn\u0105. Stworzone do tego celu narz\u0119dzie, system wyborczy, dobrze pe\u0142ni swoj\u0105 funkcj\u0119, natomiast nieco mniej sprawnie zadzia\u0142a\u0142 przekaz informacji. W zwi\u0105zku z g\u0142osami o zbyt p\u00f3\u017anym przekazaniu w niekt\u00f3rych uczelniach informacji do wszystkich zainteresowanych o rozpocz\u0119ciu rejestracji kandydat\u00f3w do komitet\u00f3w naukowych PAN informuj\u0119, \u017ce system wyborczy zostanie ponownie otwarty w dniu 29 listopada i pozostanie otwarty do 6 grudnia (godz. 23:59).<\/p>\n<p align=\"justify\">Wej\u015bcie do systemu wyborczego znajduje si\u0119 tutaj: https:\/\/wyborykomitety.pan.pl Wszystkie informacje dotycz\u0105ce procesu rejestracji zamieszczone s\u0105 w menu \u201einstrukcja wyborcza\u201d \u2013 plik .pdf pt.: \u201eInstrukcja do g\u0142osowania\u201d.<\/p>\n<p align=\"justify\">Ponowne otwarcie systemu ma umo\u017cliwi\u0107 zarejestrowanie si\u0119 osobom uprawnionym, kt\u00f3re nie zrobi\u0142y tego w dniach 12-20 listopada br. Uwaga: Osoby, kt\u00f3re wcze\u015bniej dokona\u0142y prawid\u0142owo rejestracji nie musz\u0105 podejmowa\u0107 \u017cadnych dzia\u0142a\u0144. Osoby, kt\u00f3re pope\u0142ni\u0142y b\u0142\u0119dy przy rejestracji, np. w danych osobowych, nr ORCID lub b\u0142\u0119dnie wybra\u0142y komitet czy opcj\u0119 \u201eg\u0142osuj\u0119\u201d &#8211; \u201ekandyduj\u0119\u201d b\u0119d\u0105 mia\u0142y w tym czasie mo\u017cliwo\u015b\u0107 ich poprawienia.<\/p>\n<p align=\"justify\">Wybory do komitet\u00f3w (g\u0142osowanie w systemie wyborczym) odb\u0119d\u0105 si\u0119 zgodnie<br \/>\nz zamieszczonym na stronie https:\/\/wyborykomitety.pan.pl harmonogramem. Prosimy o zalogowanie si\u0119 do systemu wyborczego i zag\u0142osowanie w dniach 16-20 grudnia 2019 r. W dniu rozpocz\u0119cia g\u0142osowania, tj. 16 grudnia, wszyscy prawid\u0142owo zarejestrowani wyborcy otrzymaj\u0105 drog\u0105 elektroniczn\u0105 przypomnienie o g\u0142osowaniu.<\/p>\n<p>Z wyrazami szacunku,<\/p>\n<p>Romuald Zabielski<\/p>\n<p>Wiceprezes Polskiej Akademii Nauk<\/p>\n<hr \/>\n<p>Szanowni Pa\u0144stwo,<\/p>\n<p>W procesie rejestracji w systemie wyborczym, prosimy o zwr\u00f3cenie uwagi na wprowadzanie afiliacji. Przez afiliacj\u0119 rozumiemy nazw\u0119 uczelni, instytutu PAN, <a href=\"https:\/\/www.rgib.org.pl\/index.php\/baza-ib\/baza-instytutow\">instytutu badawczego<\/a> i inne.<\/p>\n<p>Jednostki organizacyjne uczelni takie jak, na przyk\u0142ad, wydzia\u0142, instytut itp. nie s\u0105 rozumiane jako afiliacja.<\/p>\n<hr \/>\n<p style=\"text-align: right;\">Warszawa, 7 listopada 2019 r.<\/p>\n<p>\u00a0Szanowni Pa\u0144stwo,<\/p>\n<p align=\"justify\">Obecne kadencje Komitet\u00f3w Naukowych Polskiej Akademii Nauk up\u0142ywaj\u0105 w szerokim przedziale czasu, to jest od listopada 2019 r. do maja 2020 r. Mimo to zdecydowali\u015bmy o jednoczesnym przeprowadzeniu wybor\u00f3w do wszystkich komitet\u00f3w naukowych PAN nowej kadencji 2020-2023. Przedsi\u0119wzi\u0119cie to jest bardzo powa\u017cne, poniewa\u017c obejmuje grono ponad 30 tysi\u0119cy naukowc\u00f3w uprawnionych do g\u0142osowania i bycia wybranym do jednego z 78 komitet\u00f3w PAN.<\/p>\n<p align=\"justify\">Zbudowany przez Zesp\u00f3\u0142 Teleinformatyki PAN system wyborczy, umo\u017cliwi przeprowadzenie wybor\u00f3w drog\u0105 elektroniczn\u0105, co oszcz\u0119dzi wiele czasu i pracy ludzkiej, a tak\u017ce koszt\u00f3w druku kart do g\u0142osowania i korespondencji drog\u0105 pocztow\u0105. System do g\u0142osowania zapewnia tajno\u015b\u0107 wybor\u00f3w, szybkie zliczenie g\u0142os\u00f3w, a tak\u017ce nale\u017cyt\u0105 ochron\u0119 danych osobowych. Z systemu mo\u017cna skorzysta\u0107 dos\u0142ownie w ka\u017cdym miejscu na kuli ziemskiej do kt\u00f3rego dociera Internet. Zanim jednak przyst\u0105pimy do wybor\u00f3w musimy wszyscy, kt\u00f3rym zale\u017cy na jak najlepszej dzia\u0142alno\u015bci komitet\u00f3w jako organ\u00f3w integruj\u0105cych spo\u0142eczno\u015b\u0107 akademick\u0105 ca\u0142ego kraju, zbudowa\u0107 baz\u0119 danych do cel\u00f3w wyborczych. Musimy si\u0119 zarejestrowa\u0107 w systemie i w wyznaczonym czasie odda\u0107 g\u0142os. St\u0105d m\u00f3j gor\u0105cy apel do w\u0142adz uczelni wy\u017cszych, instytut\u00f3w PAN, instytut\u00f3w badawczych, komitet\u00f3w naukowych PAN oraz Wydzia\u0142\u00f3w i Oddzia\u0142\u00f3w PAN o jak najszersze rozpowszechnienie tej informacji po to, aby dotar\u0142a do jak najwi\u0119kszej liczby uprawnionych do g\u0142osowania.<\/p>\n<p align=\"justify\">Wszelkie informacje dotycz\u0105ce wybor\u00f3w cz\u0142onk\u00f3w komitet\u00f3w naukowych PAN w roku 2019, znajd\u0105 Pa\u0144stwo na stronie https:\/\/wyborykomitety.pan.pl\/ Rejestracja kandydat\u00f3w w systemie wyborczym zostanie otwarta dnia 12.11.2019. Wszystkich zainteresowanych serdecznie zapraszam do udzia\u0142u w wyborach.<\/p>\n<p align=\"justify\">Przy tej okazji chcia\u0142bym r\u00f3wnie\u017c gor\u0105co podzi\u0119kowa\u0107 wszystkim ust\u0119puj\u0105cym Komitetom naukowym PAN za ich aktywno\u015b\u0107 oraz szereg widocznych sukces\u00f3w wynikaj\u0105cych z ich dzia\u0142alno\u015bci na rzecz uprawianej nauki i rozpowszechniania wiedzy.<\/p>\n<p>Z wyrazami szacunku,<\/p>\n<p>Romuald Zabielski<\/p>\n<p>Wiceprezes Polskiej Akademii Nauk<\/p>\n<p>&nbsp;<\/p>\n<p>&nbsp;<\/p>\n","protected":false},"excerpt":{"rendered":"<p>Szanowni Pa\u0144stwo, Rozporz\u0105dzenie Ministra Nauki i Szkolnictwa Wy\u017cszego z dnia 27 kwietnia 2020 r. w sprawie czasowego ograniczenia funkcjonowania korporacji uczonych i jednostek naukowych Polskiej Akademii Nauk w zwi\u0105zku z zapobieganiem, przeciwdzia\u0142aniem i zwalczaniem COVID-19 (Dz.U. 2020 poz. 759) umo\u017cliwia organizowanie i prowadzenie posiedze\u0144 Komitet\u00f3w Naukowych PAN za pomoc\u0105 \u015brodk\u00f3w komunikacji elektronicznej. W najbli\u017cszych tygodniach &hellip; <\/p>\n<p class=\"read-more\"><a class=\"btn btn-default\" href=\"https:\/\/wyborykomitety.pan.pl\/\"> Read More<span class=\"screen-reader-text\">  Read More<\/span><\/a><\/p>\n","protected":false},"author":1,"featured_media":0,"parent":0,"menu_order":0,"comment_status":"closed","ping_status":"closed","template":"","meta":[],"_links":{"self":[{"href":"https:\/\/wyborykomitety.pan.pl\/index.php?rest_route=\/wp\/v2\/pages\/6"}],"collection":[{"href":"https:\/\/wyborykomitety.pan.pl\/index.php?rest_route=\/wp\/v2\/pages"}],"about":[{"href":"https:\/\/wyborykomitety.pan.pl\/index.php?rest_route=\/wp\/v2\/types\/page"}],"author":[{"embeddable":true,"href":"https:\/\/wyborykomitety.pan.pl\/index.php?rest_route=\/wp\/v2\/users\/1"}],"replies":[{"embeddable":true,"href":"https:\/\/wyborykomitety.pan.pl\/index.php?rest_route=%2Fwp%2Fv2%2Fcomments&post=6"}],"version-history":[{"count":58,"href":"https:\/\/wyborykomitety.pan.pl\/index.php?rest_route=\/wp\/v2\/pages\/6\/revisions"}],"predecessor-version":[{"id":275,"href":"https:\/\/wyborykomitety.pan.pl\/index.php?rest_route=\/wp\/v2\/pages\/6\/revisions\/275"}],"wp:attachment":[{"href":"https:\/\/wyborykomitety.pan.pl\/index.php?rest_route=%2Fwp%2Fv2%2Fmedia&parent=6"}],"curies":[{"name":"wp","href":"https:\/\/api.w.org\/{rel}","templated":true}]}}