{"id":10,"date":"2019-11-05T17:16:34","date_gmt":"2019-11-05T17:16:34","guid":{"rendered":"http:\/\/wyborykomitety.pan.pl\/?page_id=10"},"modified":"2019-12-17T10:13:53","modified_gmt":"2019-12-17T10:13:53","slug":"harmonogram","status":"publish","type":"page","link":"https:\/\/wyborykomitety.pan.pl\/?page_id=10","title":{"rendered":"HARMONOGRAM"},"content":{"rendered":"<p><strong>HARMONOGRAM WYBOR\u00d3W CZ\u0141ONK\u00d3W KOMITET\u00d3W NAUKOWYCH PAN<\/strong><\/p>\n<p style=\"text-align: center;\"><span style=\"color: #de5959;\"><strong>ZMIANA W HARMONOGRAMIE<br \/>\n<\/strong><\/span><\/p>\n<p>7-8.11.2019 \u00a0\u00a0\u00a0\u00a0\u00a0\u00a0\u00a0\u00a0\u00a0\u00a0\u00a0\u00a0\u00a0\u00a0\u00a0\u00a0\u00a0\u00a0\u00a0\u00a0\u00a0og\u0142oszenie wybor\u00f3w<\/p>\n<p>12-20.11.2019 \u00a0\u00a0\u00a0\u00a0\u00a0\u00a0\u00a0\u00a0\u00a0\u00a0\u00a0\u00a0\u00a0\u00a0\u00a0\u00a0 rejestracja kandydat\u00f3w w systemie wyborczym<\/p>\n<p>22.11-4.12. 2019 \u00a0\u00a0\u00a0\u00a0\u00a0\u00a0\u00a0\u00a0\u00a0\u00a0\u00a0\u00a0 weryfikacja zg\u0142osze\u0144 przez komisje dzia\u0142aj\u0105ce w komitetach PAN<\/p>\n<p>29.11.-6.12.2019 \u00a0\u00a0\u00a0\u00a0\u00a0\u00a0 \u00a0\u00a0\u00a0\u00a0\u00a0\u00a0ponowne otwarcie systemu wyborczego, rejestracja kandydat\u00f3w<\/p>\n<p>9-11.12.2019 \u00a0\u00a0\u00a0\u00a0\u00a0\u00a0\u00a0\u00a0\u00a0\u00a0\u00a0\u00a0 \u00a0\u00a0\u00a0\u00a0\u00a0\u00a0weryfikacja zg\u0142osze\u0144<\/p>\n<p>12.12.2019 \u00a0\u00a0\u00a0\u00a0\u00a0\u00a0\u00a0\u00a0\u00a0\u00a0\u00a0\u00a0\u00a0\u00a0\u00a0\u00a0\u00a0\u00a0\u00a0\u00a0\u00a0 weryfikacja zg\u0142osze\u0144 przez komisje dzia\u0142aj\u0105ce przy wydzia\u0142ach PAN<\/p>\n<p>13.12.2019 \u00a0\u00a0\u00a0\u00a0\u00a0\u00a0\u00a0\u00a0\u00a0\u00a0\u00a0\u00a0\u00a0\u00a0\u00a0\u00a0\u00a0\u00a0\u00a0\u00a0\u00a0 weryfikacja zg\u0142osze\u0144 w systemie wyborczym<\/p>\n<p>16-20.12.2019 \u00a0\u00a0\u00a0\u00a0\u00a0\u00a0\u00a0\u00a0\u00a0\u00a0\u00a0\u00a0\u00a0\u00a0\u00a0\u00a0 wybory<\/p>\n<p>07-15.01.2020 \u00a0\u00a0\u00a0\u00a0\u00a0\u00a0\u00a0\u00a0\u00a0\u00a0\u00a0\u00a0\u00a0\u00a0\u00a0\u00a0 ewentualne wybory uzupe\u0142niaj\u0105ce<\/p>\n<p>&nbsp;<\/p>\n","protected":false},"excerpt":{"rendered":"<p>HARMONOGRAM WYBOR\u00d3W CZ\u0141ONK\u00d3W KOMITET\u00d3W NAUKOWYCH PAN ZMIANA W HARMONOGRAMIE 7-8.11.2019 \u00a0\u00a0\u00a0\u00a0\u00a0\u00a0\u00a0\u00a0\u00a0\u00a0\u00a0\u00a0\u00a0\u00a0\u00a0\u00a0\u00a0\u00a0\u00a0\u00a0\u00a0og\u0142oszenie wybor\u00f3w 12-20.11.2019 \u00a0\u00a0\u00a0\u00a0\u00a0\u00a0\u00a0\u00a0\u00a0\u00a0\u00a0\u00a0\u00a0\u00a0\u00a0\u00a0 rejestracja kandydat\u00f3w w systemie wyborczym 22.11-4.12. 2019 \u00a0\u00a0\u00a0\u00a0\u00a0\u00a0\u00a0\u00a0\u00a0\u00a0\u00a0\u00a0 weryfikacja zg\u0142osze\u0144 przez komisje dzia\u0142aj\u0105ce w komitetach PAN 29.11.-6.12.2019 \u00a0\u00a0\u00a0\u00a0\u00a0\u00a0 \u00a0\u00a0\u00a0\u00a0\u00a0\u00a0ponowne otwarcie systemu wyborczego, rejestracja kandydat\u00f3w 9-11.12.2019 \u00a0\u00a0\u00a0\u00a0\u00a0\u00a0\u00a0\u00a0\u00a0\u00a0\u00a0\u00a0 \u00a0\u00a0\u00a0\u00a0\u00a0\u00a0weryfikacja zg\u0142osze\u0144 12.12.2019 \u00a0\u00a0\u00a0\u00a0\u00a0\u00a0\u00a0\u00a0\u00a0\u00a0\u00a0\u00a0\u00a0\u00a0\u00a0\u00a0\u00a0\u00a0\u00a0\u00a0\u00a0 weryfikacja zg\u0142osze\u0144 przez komisje dzia\u0142aj\u0105ce przy wydzia\u0142ach PAN 13.12.2019 \u00a0\u00a0\u00a0\u00a0\u00a0\u00a0\u00a0\u00a0\u00a0\u00a0\u00a0\u00a0\u00a0\u00a0\u00a0\u00a0\u00a0\u00a0\u00a0\u00a0\u00a0 weryfikacja &hellip; <\/p>\n<p class=\"read-more\"><a class=\"btn btn-default\" href=\"https:\/\/wyborykomitety.pan.pl\/?page_id=10\"> Read More<span class=\"screen-reader-text\">  Read More<\/span><\/a><\/p>\n","protected":false},"author":1,"featured_media":0,"parent":0,"menu_order":0,"comment_status":"closed","ping_status":"closed","template":"","meta":[],"_links":{"self":[{"href":"https:\/\/wyborykomitety.pan.pl\/index.php?rest_route=\/wp\/v2\/pages\/10"}],"collection":[{"href":"https:\/\/wyborykomitety.pan.pl\/index.php?rest_route=\/wp\/v2\/pages"}],"about":[{"href":"https:\/\/wyborykomitety.pan.pl\/index.php?rest_route=\/wp\/v2\/types\/page"}],"author":[{"embeddable":true,"href":"https:\/\/wyborykomitety.pan.pl\/index.php?rest_route=\/wp\/v2\/users\/1"}],"replies":[{"embeddable":true,"href":"https:\/\/wyborykomitety.pan.pl\/index.php?rest_route=%2Fwp%2Fv2%2Fcomments&post=10"}],"version-history":[{"count":8,"href":"https:\/\/wyborykomitety.pan.pl\/index.php?rest_route=\/wp\/v2\/pages\/10\/revisions"}],"predecessor-version":[{"id":107,"href":"https:\/\/wyborykomitety.pan.pl\/index.php?rest_route=\/wp\/v2\/pages\/10\/revisions\/107"}],"wp:attachment":[{"href":"https:\/\/wyborykomitety.pan.pl\/index.php?rest_route=%2Fwp%2Fv2%2Fmedia&parent=10"}],"curies":[{"name":"wp","href":"https:\/\/api.w.org\/{rel}","templated":true}]}}